{"id":10,"date":"2020-03-10T21:25:38","date_gmt":"2020-03-10T20:25:38","guid":{"rendered":"https:\/\/magneticideas.cz\/?page_id=10"},"modified":"2020-04-21T14:10:03","modified_gmt":"2020-04-21T12:10:03","slug":"home","status":"publish","type":"page","link":"https:\/\/magneticideas.cz\/en\/","title":{"rendered":"Home"},"content":{"rendered":"<p style=\"text-align: center;\">If you are interested in finding the endless connections between <strong>money<\/strong>, magnetic ideas, profit, organizational chart, dog, <strong>revenues<\/strong>, brains, <strong>clients<\/strong>, business, motivation, <strong>indigenous wisdom<\/strong>, innovation, transformation, <strong>leadership<\/strong>, joy, enthusiasm, blockchain, <strong>customer experience<\/strong>, start-ups, forest, cryptocurrency and shareholders you have come to the right spot. We can help you find <strong>a way forward<\/strong> if you are looking to improve your business, management skills, or simply as a human being.<\/p>\n<p style=\"text-align: center;\"><strong>Motto: MAGNETIC IDEAS &#8211; simply attractive<\/strong><\/p>\n","protected":false},"excerpt":{"rendered":"<p>If you are interested in finding the endless connections between money, magnetic ideas, profit, organizational chart, dog, revenues, brains, clients, business, motivation, indigenous wisdom, innovation, transformation, leadership, joy, enthusiasm, blockchain, customer experience, start-ups, forest, cryptocurrency and shareholders you have come to the right spot. We can help you find a way forward if you are [&hellip;]<\/p>\n","protected":false},"author":2,"featured_media":0,"parent":0,"menu_order":0,"comment_status":"closed","ping_status":"closed","template":"","meta":[],"yoast_head":"<!-- This site is optimized with the Yoast SEO plugin v20.9 - https:\/\/yoast.com\/wordpress\/plugins\/seo\/ -->\n<title>MAGNETIC IDEAS - We support your business growth<\/title>\n<meta name=\"description\" content=\"We are agile team of experienced people who develop strategy, increase sales, transform, digitize, develop managers and energize teams.\" \/>\n<meta name=\"robots\" content=\"index, follow, max-snippet:-1, max-image-preview:large, max-video-preview:-1\" \/>\n<link rel=\"canonical\" href=\"https:\/\/magneticideas.cz\/en\/\" \/>\n<meta property=\"og:locale\" content=\"en_US\" \/>\n<meta property=\"og:type\" content=\"article\" \/>\n<meta property=\"og:title\" content=\"MAGNETIC IDEAS - We support your business growth\" \/>\n<meta property=\"og:description\" content=\"We are agile team of experienced people who develop strategy, increase sales, transform, digitize, develop managers and energize teams.\" \/>\n<meta property=\"og:url\" content=\"https:\/\/magneticideas.cz\/en\/\" \/>\n<meta property=\"og:site_name\" content=\"Magnetic Ideas - Pom\u00e1h\u00e1me klient\u016fm r\u016fst\" \/>\n<meta property=\"article:modified_time\" content=\"2020-04-21T12:10:03+00:00\" \/>\n<meta name=\"twitter:card\" content=\"summary_large_image\" \/>\n<script type=\"application\/ld+json\" class=\"yoast-schema-graph\">{\"@context\":\"https:\/\/schema.org\",\"@graph\":[{\"@type\":\"WebPage\",\"@id\":\"https:\/\/magneticideas.cz\/en\/\",\"url\":\"https:\/\/magneticideas.cz\/en\/\",\"name\":\"MAGNETIC IDEAS - We support your business growth\",\"isPartOf\":{\"@id\":\"https:\/\/magneticideas.cz\/#website\"},\"datePublished\":\"2020-03-10T20:25:38+00:00\",\"dateModified\":\"2020-04-21T12:10:03+00:00\",\"description\":\"We are agile team of experienced people who develop strategy, increase sales, transform, digitize, develop managers and energize teams.\",\"breadcrumb\":{\"@id\":\"https:\/\/magneticideas.cz\/en\/#breadcrumb\"},\"inLanguage\":\"en-US\",\"potentialAction\":[{\"@type\":\"ReadAction\",\"target\":[\"https:\/\/magneticideas.cz\/en\/\"]}]},{\"@type\":\"BreadcrumbList\",\"@id\":\"https:\/\/magneticideas.cz\/en\/#breadcrumb\",\"itemListElement\":[{\"@type\":\"ListItem\",\"position\":1,\"name\":\"Dom\u016f\",\"item\":\"https:\/\/magneticideas.cz\/en\/\"},{\"@type\":\"ListItem\",\"position\":2,\"name\":\"Home\"}]},{\"@type\":\"WebSite\",\"@id\":\"https:\/\/magneticideas.cz\/#website\",\"url\":\"https:\/\/magneticideas.cz\/\",\"name\":\"Magnetic Ideas - Pom\u00e1h\u00e1me klient\u016fm r\u016fst\",\"description\":\"Jsme mal\u00fd t\u00fdm zku\u0161en\u00fdch lid\u00ed, pro klienty tvo\u0159\u00edme strategie, zvy\u0161ujeme prodeje, transformujeme, digitalizujeme, rozv\u00edj\u00edme mana\u017eery a energetizujeme t\u00fdmy.\",\"potentialAction\":[{\"@type\":\"SearchAction\",\"target\":{\"@type\":\"EntryPoint\",\"urlTemplate\":\"https:\/\/magneticideas.cz\/?s={search_term_string}\"},\"query-input\":\"required name=search_term_string\"}],\"inLanguage\":\"en-US\"}]}<\/script>\n<!-- \/ Yoast SEO plugin. -->","yoast_head_json":{"title":"MAGNETIC IDEAS - We support your business growth","description":"We are agile team of experienced people who develop strategy, increase sales, transform, digitize, develop managers and energize teams.","robots":{"index":"index","follow":"follow","max-snippet":"max-snippet:-1","max-image-preview":"max-image-preview:large","max-video-preview":"max-video-preview:-1"},"canonical":"https:\/\/magneticideas.cz\/en\/","og_locale":"en_US","og_type":"article","og_title":"MAGNETIC IDEAS - We support your business growth","og_description":"We are agile team of experienced people who develop strategy, increase sales, transform, digitize, develop managers and energize teams.","og_url":"https:\/\/magneticideas.cz\/en\/","og_site_name":"Magnetic Ideas - Pom\u00e1h\u00e1me klient\u016fm r\u016fst","article_modified_time":"2020-04-21T12:10:03+00:00","twitter_card":"summary_large_image","schema":{"@context":"https:\/\/schema.org","@graph":[{"@type":"WebPage","@id":"https:\/\/magneticideas.cz\/en\/","url":"https:\/\/magneticideas.cz\/en\/","name":"MAGNETIC IDEAS - We support your business growth","isPartOf":{"@id":"https:\/\/magneticideas.cz\/#website"},"datePublished":"2020-03-10T20:25:38+00:00","dateModified":"2020-04-21T12:10:03+00:00","description":"We are agile team of experienced people who develop strategy, increase sales, transform, digitize, develop managers and energize teams.","breadcrumb":{"@id":"https:\/\/magneticideas.cz\/en\/#breadcrumb"},"inLanguage":"en-US","potentialAction":[{"@type":"ReadAction","target":["https:\/\/magneticideas.cz\/en\/"]}]},{"@type":"BreadcrumbList","@id":"https:\/\/magneticideas.cz\/en\/#breadcrumb","itemListElement":[{"@type":"ListItem","position":1,"name":"Dom\u016f","item":"https:\/\/magneticideas.cz\/en\/"},{"@type":"ListItem","position":2,"name":"Home"}]},{"@type":"WebSite","@id":"https:\/\/magneticideas.cz\/#website","url":"https:\/\/magneticideas.cz\/","name":"Magnetic Ideas - Pom\u00e1h\u00e1me klient\u016fm r\u016fst","description":"Jsme mal\u00fd t\u00fdm zku\u0161en\u00fdch lid\u00ed, pro klienty tvo\u0159\u00edme strategie, zvy\u0161ujeme prodeje, transformujeme, digitalizujeme, rozv\u00edj\u00edme mana\u017eery a energetizujeme t\u00fdmy.","potentialAction":[{"@type":"SearchAction","target":{"@type":"EntryPoint","urlTemplate":"https:\/\/magneticideas.cz\/?s={search_term_string}"},"query-input":"required name=search_term_string"}],"inLanguage":"en-US"}]}},"_links":{"self":[{"href":"https:\/\/magneticideas.cz\/en\/wp-json\/wp\/v2\/pages\/10"}],"collection":[{"href":"https:\/\/magneticideas.cz\/en\/wp-json\/wp\/v2\/pages"}],"about":[{"href":"https:\/\/magneticideas.cz\/en\/wp-json\/wp\/v2\/types\/page"}],"author":[{"embeddable":true,"href":"https:\/\/magneticideas.cz\/en\/wp-json\/wp\/v2\/users\/2"}],"replies":[{"embeddable":true,"href":"https:\/\/magneticideas.cz\/en\/wp-json\/wp\/v2\/comments?post=10"}],"version-history":[{"count":4,"href":"https:\/\/magneticideas.cz\/en\/wp-json\/wp\/v2\/pages\/10\/revisions"}],"predecessor-version":[{"id":249,"href":"https:\/\/magneticideas.cz\/en\/wp-json\/wp\/v2\/pages\/10\/revisions\/249"}],"wp:attachment":[{"href":"https:\/\/magneticideas.cz\/en\/wp-json\/wp\/v2\/media?parent=10"}],"curies":[{"name":"wp","href":"https:\/\/api.w.org\/{rel}","templated":true}]}}