{"id":19,"date":"2020-03-10T22:51:42","date_gmt":"2020-03-10T21:51:42","guid":{"rendered":"https:\/\/magneticideas.cz\/?page_id=19"},"modified":"2021-07-15T18:51:08","modified_gmt":"2021-07-15T16:51:08","slug":"contacts","status":"publish","type":"page","link":"https:\/\/magneticideas.cz\/en\/contacts\/","title":{"rendered":"Contacts"},"content":{"rendered":"\n<div class=\"wp-block-columns is-layout-flex wp-container-3\">\n<div class=\"wp-block-column is-layout-flow\">\n<div style=\"height:42px\" aria-hidden=\"true\" class=\"wp-block-spacer\"><\/div>\n\n\n\n<h3 class=\"has-text-color\" style=\"color:#8e1a58\"><i class=\"fas fa-phone\"><\/i> Call us:<\/h3>\n\n\n\n<p>&nbsp;&nbsp;&nbsp;&nbsp;&nbsp;&nbsp;&nbsp;&nbsp;&nbsp;&nbsp;&nbsp; <a href=\"tel:+420 737 210 739\">+420 737 210 739<\/a><\/p>\n\n\n\n<h3 style=\"color:#8e1a58\" class=\"has-text-color\"><i class=\"far fa-envelope\"><\/i>  Email us: <\/h3>\n\n\n\n<p>\u00a0\u00a0\u00a0\u00a0\u00a0\u00a0\u00a0\u00a0\u00a0\u00a0\u00a0 <a href=\"mailto:alex@magneticideas.cz\"><a rel=\"noreferrer noopener\" href=\"mailto:info@magneticideas.cz\" target=\"_blank\">info@magneticideas.cz<\/a><\/a><\/p>\n\n\n\n<p style=\"color:#8e1a58\" class=\"has-text-color\"><h3 style=\"color:#8e1a58\" class=\"has-text-color\"><i class=\"fas fa-map-marker-alt\"><\/i> Offices:<\/h3><\/p>\n\n\n\n<p>\u00a0\u00a0\u00a0\u00a0\u00a0\u00a0\u00a0\u00a0\u00a0\u00a0\u00a0    Pansk\u00e1 854\/2<\/p>\n\n\n\n<p> &nbsp;&nbsp;&nbsp;&nbsp;&nbsp;&nbsp;&nbsp;&nbsp;&nbsp;&nbsp;&nbsp;  Nov\u00e9 M\u011bsto, 110 00 Prague 1<\/p>\n\n\n\n<p> &nbsp;&nbsp;&nbsp;&nbsp;&nbsp;&nbsp;&nbsp;&nbsp;&nbsp;&nbsp;&nbsp;  Czech Republic<\/p>\n\n\n\n<h3 style=\"color:#8e1a58\" class=\"has-text-color\"><i class=\"far fa-bookmark\"><\/i> Billing address:<\/h3>\n\n\n\n<p> &nbsp;&nbsp;&nbsp;&nbsp;&nbsp;&nbsp;&nbsp;&nbsp;&nbsp;&nbsp;&nbsp;  magnetic ideas, s.r.o.<\/p>\n\n\n\n<p> &nbsp;&nbsp;&nbsp;&nbsp;&nbsp;&nbsp;&nbsp;&nbsp;&nbsp;&nbsp;&nbsp;  I\u010cO: 08908354<\/p>\n\n\n\n<p> &nbsp;&nbsp;&nbsp;&nbsp;&nbsp;&nbsp;&nbsp;&nbsp;&nbsp;&nbsp;&nbsp;  DI\u010c: CZ 08908354<\/p>\n<\/div>\n\n\n\n<div class=\"wp-block-column is-layout-flow\">\n<h2 class=\"has-text-color wp-block-heading\" style=\"color:#8e1a58\">Contact us:<\/h2>\n\n\n\n<p> <\/p>\n\n\n\n<div class=\"wpcf7 no-js\" id=\"wpcf7-f235-o1\" lang=\"en-US\" dir=\"ltr\">\n<div class=\"screen-reader-response\"><p role=\"status\" aria-live=\"polite\" aria-atomic=\"true\"><\/p> <ul><\/ul><\/div>\n<form action=\"\/en\/wp-json\/wp\/v2\/pages\/19#wpcf7-f235-o1\" method=\"post\" class=\"wpcf7-form init\" aria-label=\"Contact form\" novalidate=\"novalidate\" data-status=\"init\">\n<div style=\"display: none;\">\n<input type=\"hidden\" name=\"_wpcf7\" value=\"235\" \/>\n<input type=\"hidden\" name=\"_wpcf7_version\" value=\"5.7.7\" \/>\n<input type=\"hidden\" name=\"_wpcf7_locale\" value=\"en_US\" \/>\n<input type=\"hidden\" name=\"_wpcf7_unit_tag\" value=\"wpcf7-f235-o1\" \/>\n<input type=\"hidden\" name=\"_wpcf7_container_post\" value=\"0\" \/>\n<input type=\"hidden\" name=\"_wpcf7_posted_data_hash\" value=\"\" \/>\n<input type=\"hidden\" name=\"_wpcf7_recaptcha_response\" value=\"\" \/>\n<\/div>\n<p><label>Name <sup>*<\/sup><br \/>\n<span class=\"wpcf7-form-control-wrap\" data-name=\"jmeno\"><input size=\"40\" class=\"wpcf7-form-control wpcf7-text wpcf7-validates-as-required\" aria-required=\"true\" aria-invalid=\"false\" value=\"\" type=\"text\" name=\"jmeno\" \/><\/span> <\/label>\n<\/p>\n<p><label>E-mail <sup>*<\/sup><br \/>\n<span class=\"wpcf7-form-control-wrap\" data-name=\"your-email\"><input size=\"40\" class=\"wpcf7-form-control wpcf7-text wpcf7-email wpcf7-validates-as-required wpcf7-validates-as-email\" aria-required=\"true\" aria-invalid=\"false\" value=\"\" type=\"email\" name=\"your-email\" \/><\/span> <\/label>\n<\/p>\n<p><label>Phone<br \/>\n<span class=\"wpcf7-form-control-wrap\" data-name=\"telefon\"><input size=\"40\" class=\"wpcf7-form-control wpcf7-text wpcf7-tel wpcf7-validates-as-tel\" aria-invalid=\"false\" value=\"\" type=\"tel\" name=\"telefon\" \/><\/span> <\/label>\n<\/p>\n<p><label>Message <sup>*<\/sup><br \/>\n<span class=\"wpcf7-form-control-wrap\" data-name=\"zprava\"><textarea cols=\"40\" rows=\"10\" class=\"wpcf7-form-control wpcf7-textarea wpcf7-validates-as-required\" aria-required=\"true\" aria-invalid=\"false\" name=\"zprava\"><\/textarea><\/span> <\/label>\n<\/p>\n<p><input class=\"wpcf7-form-control has-spinner wpcf7-submit\" type=\"submit\" value=\"Submit\" \/>\n<\/p><div class=\"wpcf7-response-output\" aria-hidden=\"true\"><\/div>\n<\/form>\n<\/div>\n\n<\/div>\n<\/div>\n","protected":false},"excerpt":{"rendered":"<p>Call us: &nbsp;&nbsp;&nbsp;&nbsp;&nbsp;&nbsp;&nbsp;&nbsp;&nbsp;&nbsp;&nbsp; +420 737 210 739 Email us: \u00a0\u00a0\u00a0\u00a0\u00a0\u00a0\u00a0\u00a0\u00a0\u00a0\u00a0 info@magneticideas.cz Offices: \u00a0\u00a0\u00a0\u00a0\u00a0\u00a0\u00a0\u00a0\u00a0\u00a0\u00a0 Pansk\u00e1 854\/2 &nbsp;&nbsp;&nbsp;&nbsp;&nbsp;&nbsp;&nbsp;&nbsp;&nbsp;&nbsp;&nbsp; Nov\u00e9 M\u011bsto, 110 00 Prague 1 &nbsp;&nbsp;&nbsp;&nbsp;&nbsp;&nbsp;&nbsp;&nbsp;&nbsp;&nbsp;&nbsp; Czech Republic Billing address: &nbsp;&nbsp;&nbsp;&nbsp;&nbsp;&nbsp;&nbsp;&nbsp;&nbsp;&nbsp;&nbsp; magnetic ideas, s.r.o. &nbsp;&nbsp;&nbsp;&nbsp;&nbsp;&nbsp;&nbsp;&nbsp;&nbsp;&nbsp;&nbsp; I\u010cO: 08908354 &nbsp;&nbsp;&nbsp;&nbsp;&nbsp;&nbsp;&nbsp;&nbsp;&nbsp;&nbsp;&nbsp; DI\u010c: CZ 08908354 Contact us:<\/p>\n","protected":false},"author":2,"featured_media":0,"parent":0,"menu_order":0,"comment_status":"closed","ping_status":"closed","template":"","meta":[],"yoast_head":"<!-- This site is optimized with the Yoast SEO plugin v20.9 - https:\/\/yoast.com\/wordpress\/plugins\/seo\/ -->\n<title>Contacts - Magnetic Ideas - Pom\u00e1h\u00e1me klient\u016fm r\u016fst<\/title>\n<meta name=\"description\" content=\"We are agile team of experienced people who develop strategy, increase sales, transform, digitize, develop managers and energize teams\" \/>\n<meta name=\"robots\" content=\"index, follow, max-snippet:-1, max-image-preview:large, max-video-preview:-1\" \/>\n<link rel=\"canonical\" href=\"https:\/\/magneticideas.cz\/en\/contacts\/\" \/>\n<meta property=\"og:locale\" content=\"en_US\" \/>\n<meta property=\"og:type\" content=\"article\" \/>\n<meta property=\"og:title\" content=\"Contacts - Magnetic Ideas - Pom\u00e1h\u00e1me klient\u016fm r\u016fst\" \/>\n<meta property=\"og:description\" content=\"We are agile team of experienced people who develop strategy, increase sales, transform, digitize, develop managers and energize teams\" \/>\n<meta property=\"og:url\" content=\"https:\/\/magneticideas.cz\/en\/contacts\/\" \/>\n<meta property=\"og:site_name\" content=\"Magnetic Ideas - Pom\u00e1h\u00e1me klient\u016fm r\u016fst\" \/>\n<meta property=\"article:modified_time\" content=\"2021-07-15T16:51:08+00:00\" \/>\n<meta name=\"twitter:card\" content=\"summary_large_image\" \/>\n<script type=\"application\/ld+json\" class=\"yoast-schema-graph\">{\"@context\":\"https:\/\/schema.org\",\"@graph\":[{\"@type\":\"WebPage\",\"@id\":\"https:\/\/magneticideas.cz\/en\/contacts\/\",\"url\":\"https:\/\/magneticideas.cz\/en\/contacts\/\",\"name\":\"Contacts - Magnetic Ideas - Pom\u00e1h\u00e1me klient\u016fm r\u016fst\",\"isPartOf\":{\"@id\":\"https:\/\/magneticideas.cz\/#website\"},\"datePublished\":\"2020-03-10T21:51:42+00:00\",\"dateModified\":\"2021-07-15T16:51:08+00:00\",\"description\":\"We are agile team of experienced people who develop strategy, increase sales, transform, digitize, develop managers and energize teams\",\"breadcrumb\":{\"@id\":\"https:\/\/magneticideas.cz\/en\/contacts\/#breadcrumb\"},\"inLanguage\":\"en-US\",\"potentialAction\":[{\"@type\":\"ReadAction\",\"target\":[\"https:\/\/magneticideas.cz\/en\/contacts\/\"]}]},{\"@type\":\"BreadcrumbList\",\"@id\":\"https:\/\/magneticideas.cz\/en\/contacts\/#breadcrumb\",\"itemListElement\":[{\"@type\":\"ListItem\",\"position\":1,\"name\":\"Dom\u016f\",\"item\":\"https:\/\/magneticideas.cz\/en\/\"},{\"@type\":\"ListItem\",\"position\":2,\"name\":\"Contacts\"}]},{\"@type\":\"WebSite\",\"@id\":\"https:\/\/magneticideas.cz\/#website\",\"url\":\"https:\/\/magneticideas.cz\/\",\"name\":\"Magnetic Ideas - Pom\u00e1h\u00e1me klient\u016fm r\u016fst\",\"description\":\"Jsme mal\u00fd t\u00fdm zku\u0161en\u00fdch lid\u00ed, pro klienty tvo\u0159\u00edme strategie, zvy\u0161ujeme prodeje, transformujeme, digitalizujeme, rozv\u00edj\u00edme mana\u017eery a energetizujeme t\u00fdmy.\",\"potentialAction\":[{\"@type\":\"SearchAction\",\"target\":{\"@type\":\"EntryPoint\",\"urlTemplate\":\"https:\/\/magneticideas.cz\/?s={search_term_string}\"},\"query-input\":\"required name=search_term_string\"}],\"inLanguage\":\"en-US\"}]}<\/script>\n<!-- \/ Yoast SEO plugin. -->","yoast_head_json":{"title":"Contacts - Magnetic Ideas - Pom\u00e1h\u00e1me klient\u016fm r\u016fst","description":"We are agile team of experienced people who develop strategy, increase sales, transform, digitize, develop managers and energize teams","robots":{"index":"index","follow":"follow","max-snippet":"max-snippet:-1","max-image-preview":"max-image-preview:large","max-video-preview":"max-video-preview:-1"},"canonical":"https:\/\/magneticideas.cz\/en\/contacts\/","og_locale":"en_US","og_type":"article","og_title":"Contacts - Magnetic Ideas - Pom\u00e1h\u00e1me klient\u016fm r\u016fst","og_description":"We are agile team of experienced people who develop strategy, increase sales, transform, digitize, develop managers and energize teams","og_url":"https:\/\/magneticideas.cz\/en\/contacts\/","og_site_name":"Magnetic Ideas - Pom\u00e1h\u00e1me klient\u016fm r\u016fst","article_modified_time":"2021-07-15T16:51:08+00:00","twitter_card":"summary_large_image","schema":{"@context":"https:\/\/schema.org","@graph":[{"@type":"WebPage","@id":"https:\/\/magneticideas.cz\/en\/contacts\/","url":"https:\/\/magneticideas.cz\/en\/contacts\/","name":"Contacts - Magnetic Ideas - Pom\u00e1h\u00e1me klient\u016fm r\u016fst","isPartOf":{"@id":"https:\/\/magneticideas.cz\/#website"},"datePublished":"2020-03-10T21:51:42+00:00","dateModified":"2021-07-15T16:51:08+00:00","description":"We are agile team of experienced people who develop strategy, increase sales, transform, digitize, develop managers and energize teams","breadcrumb":{"@id":"https:\/\/magneticideas.cz\/en\/contacts\/#breadcrumb"},"inLanguage":"en-US","potentialAction":[{"@type":"ReadAction","target":["https:\/\/magneticideas.cz\/en\/contacts\/"]}]},{"@type":"BreadcrumbList","@id":"https:\/\/magneticideas.cz\/en\/contacts\/#breadcrumb","itemListElement":[{"@type":"ListItem","position":1,"name":"Dom\u016f","item":"https:\/\/magneticideas.cz\/en\/"},{"@type":"ListItem","position":2,"name":"Contacts"}]},{"@type":"WebSite","@id":"https:\/\/magneticideas.cz\/#website","url":"https:\/\/magneticideas.cz\/","name":"Magnetic Ideas - Pom\u00e1h\u00e1me klient\u016fm r\u016fst","description":"Jsme mal\u00fd t\u00fdm zku\u0161en\u00fdch lid\u00ed, pro klienty tvo\u0159\u00edme strategie, zvy\u0161ujeme prodeje, transformujeme, digitalizujeme, rozv\u00edj\u00edme mana\u017eery a energetizujeme t\u00fdmy.","potentialAction":[{"@type":"SearchAction","target":{"@type":"EntryPoint","urlTemplate":"https:\/\/magneticideas.cz\/?s={search_term_string}"},"query-input":"required name=search_term_string"}],"inLanguage":"en-US"}]}},"_links":{"self":[{"href":"https:\/\/magneticideas.cz\/en\/wp-json\/wp\/v2\/pages\/19"}],"collection":[{"href":"https:\/\/magneticideas.cz\/en\/wp-json\/wp\/v2\/pages"}],"about":[{"href":"https:\/\/magneticideas.cz\/en\/wp-json\/wp\/v2\/types\/page"}],"author":[{"embeddable":true,"href":"https:\/\/magneticideas.cz\/en\/wp-json\/wp\/v2\/users\/2"}],"replies":[{"embeddable":true,"href":"https:\/\/magneticideas.cz\/en\/wp-json\/wp\/v2\/comments?post=19"}],"version-history":[{"count":17,"href":"https:\/\/magneticideas.cz\/en\/wp-json\/wp\/v2\/pages\/19\/revisions"}],"predecessor-version":[{"id":490,"href":"https:\/\/magneticideas.cz\/en\/wp-json\/wp\/v2\/pages\/19\/revisions\/490"}],"wp:attachment":[{"href":"https:\/\/magneticideas.cz\/en\/wp-json\/wp\/v2\/media?parent=19"}],"curies":[{"name":"wp","href":"https:\/\/api.w.org\/{rel}","templated":true}]}}