{"id":620,"date":"2022-01-21T11:40:13","date_gmt":"2022-01-21T10:40:13","guid":{"rendered":"https:\/\/magneticideas.cz\/?page_id=620"},"modified":"2022-01-21T18:37:35","modified_gmt":"2022-01-21T17:37:35","slug":"cookies-in-detail","status":"publish","type":"page","link":"https:\/\/magneticideas.cz\/en\/cookies-in-detail\/","title":{"rendered":"Cookies in detail"},"content":{"rendered":"\n<h3 class=\"wp-block-heading\">Cookie Declaration<\/h3>\n\n\n\n<p>The law states that we can store files that are called cookies on your device if they are strictly necessary for the operation of this site.<\/p>\n\n\n\n<h4 class=\"wp-block-heading\">What are cookies?<\/h4>\n\n\n\n<p>Cookies are small data files that can be used by websites to make a user&#8217;s experience more efficient. Thanks to them websites remember your actions and save your settings, so you don\u2019t have to fill them in repeatedly. Cookies do not pose any danger, but they have a significance for privacy protection. Cookies cannot be used to figure out the identity of the website visitors or for misuse of sign in information.<\/p>\n\n\n\n<h4 class=\"wp-block-heading\">Which cookies do we use?<\/h4>\n\n\n\n<p>We use cookies for example for keeping the switch to PC version of the website on mobile devices, for keeping your preferences about looking though these websites, preferred languages or currency etc. You will get more detailed information if you contact the website\u2019s provider.<\/p>\n\n\n\n<p>We also use third-party cookies (f.e. Google Analytics for visitor tracking). These cookies can be used for advertising purposes in the form of remarketing on allied websites of these companies etc. These cookies are controlled by third parties and we do not have access to read or record this data.<\/p>\n\n\n\n<h4 class=\"wp-block-heading\">Essential cookies<\/h4>\n\n\n\n<p>These cookies are essential for our services and cannot be turned off. Usually, they are set up only in reaction to your actions, f.e. your preferred settings or Google reCAPTCHA.<\/p>\n\n\n\n<h4 class=\"wp-block-heading\">Analytical cookies<\/h4>\n\n\n\n<p>These cookies allow us to count visits and traffic, so we know which pages are the most popular and how our visitors use our website. All information that those cookies store is aggregated, therefore anonymous.<\/p>\n\n\n\n<p><strong>We use these cookies:<\/strong><\/p>\n\n\n\n<ul><li>Google Analytics (third party) \u2013 used for tracking the website\u2019s traffic and evaluating the visitor data.<\/li><\/ul>\n\n\n\n<h4 class=\"wp-block-heading\">Cookie consent<\/h4>\n\n\n\n<p>Most browsers automatically accept cookies if the browser isn\u2019t set up differently. By using these websites you agree with storing cookie files on your device. You can at any time change or withdraw your consent from the Cookie Declaration in your browser settings. Information about concrete browser settings can be found here:<\/p>\n\n\n\n<p>Internet Explorer:&nbsp;<a href=\"https:\/\/windows.microsoft.com\/\">windows.microsoft.com<\/a><\/p>\n\n\n\n<p>Google Chrome:&nbsp;<a href=\"https:\/\/support.google.com\/\">support.google.com<\/a><\/p>\n\n\n\n<p>Mozilla Firefox:&nbsp;<a href=\"https:\/\/support.mozilla.org\/\">support.mozilla.org<\/a><\/p>\n\n\n\n<p>Opera:&nbsp;<a href=\"https:\/\/help.opera.com\/\">help.opera.com<\/a><\/p>\n\n\n\n<p>Safari:\u00a0<a href=\"https:\/\/support.apple.com\/\">support.apple.com<\/a><\/p>\n\n\n\n<p><a href=\"https:\/\/magneticideas.cz\/en\/privacy-policy\/\">Privacy policy<\/a><\/p>\n","protected":false},"excerpt":{"rendered":"<p>Cookie Declaration The law states that we can store files that are called cookies on your device if they are strictly necessary for the operation of this site. What are cookies? Cookies are small data files that can be used by websites to make a user&#8217;s experience more efficient. Thanks to them websites remember your [&hellip;]<\/p>\n","protected":false},"author":2,"featured_media":0,"parent":0,"menu_order":0,"comment_status":"closed","ping_status":"closed","template":"","meta":[],"yoast_head":"<!-- This site is optimized with the Yoast SEO plugin v20.9 - https:\/\/yoast.com\/wordpress\/plugins\/seo\/ -->\n<title>Cookies in detail - Magnetic Ideas - Pom\u00e1h\u00e1me klient\u016fm r\u016fst<\/title>\n<meta name=\"description\" content=\"We are agile team of experienced people who develop strategy, increase sales, transform, digitize, develop managers and energize teams\" \/>\n<meta name=\"robots\" content=\"index, follow, max-snippet:-1, max-image-preview:large, max-video-preview:-1\" \/>\n<link rel=\"canonical\" href=\"https:\/\/magneticideas.cz\/en\/cookies-in-detail\/\" \/>\n<meta property=\"og:locale\" content=\"en_US\" \/>\n<meta property=\"og:type\" content=\"article\" \/>\n<meta property=\"og:title\" content=\"Cookies in detail - Magnetic Ideas - Pom\u00e1h\u00e1me klient\u016fm r\u016fst\" \/>\n<meta property=\"og:description\" content=\"We are agile team of experienced people who develop strategy, increase sales, transform, digitize, develop managers and energize teams\" \/>\n<meta property=\"og:url\" content=\"https:\/\/magneticideas.cz\/en\/cookies-in-detail\/\" \/>\n<meta property=\"og:site_name\" content=\"Magnetic Ideas - Pom\u00e1h\u00e1me klient\u016fm r\u016fst\" \/>\n<meta property=\"article:modified_time\" content=\"2022-01-21T17:37:35+00:00\" \/>\n<meta name=\"twitter:card\" content=\"summary_large_image\" \/>\n<meta name=\"twitter:label1\" content=\"Est. reading time\" \/>\n\t<meta name=\"twitter:data1\" content=\"2 minutes\" \/>\n<script type=\"application\/ld+json\" class=\"yoast-schema-graph\">{\"@context\":\"https:\/\/schema.org\",\"@graph\":[{\"@type\":\"WebPage\",\"@id\":\"https:\/\/magneticideas.cz\/en\/cookies-in-detail\/\",\"url\":\"https:\/\/magneticideas.cz\/en\/cookies-in-detail\/\",\"name\":\"Cookies in detail - Magnetic Ideas - Pom\u00e1h\u00e1me klient\u016fm r\u016fst\",\"isPartOf\":{\"@id\":\"https:\/\/magneticideas.cz\/#website\"},\"datePublished\":\"2022-01-21T10:40:13+00:00\",\"dateModified\":\"2022-01-21T17:37:35+00:00\",\"description\":\"We are agile team of experienced people who develop strategy, increase sales, transform, digitize, develop managers and energize teams\",\"breadcrumb\":{\"@id\":\"https:\/\/magneticideas.cz\/en\/cookies-in-detail\/#breadcrumb\"},\"inLanguage\":\"en-US\",\"potentialAction\":[{\"@type\":\"ReadAction\",\"target\":[\"https:\/\/magneticideas.cz\/en\/cookies-in-detail\/\"]}]},{\"@type\":\"BreadcrumbList\",\"@id\":\"https:\/\/magneticideas.cz\/en\/cookies-in-detail\/#breadcrumb\",\"itemListElement\":[{\"@type\":\"ListItem\",\"position\":1,\"name\":\"Dom\u016f\",\"item\":\"https:\/\/magneticideas.cz\/en\/\"},{\"@type\":\"ListItem\",\"position\":2,\"name\":\"Cookies in detail\"}]},{\"@type\":\"WebSite\",\"@id\":\"https:\/\/magneticideas.cz\/#website\",\"url\":\"https:\/\/magneticideas.cz\/\",\"name\":\"Magnetic Ideas - Pom\u00e1h\u00e1me klient\u016fm r\u016fst\",\"description\":\"Jsme mal\u00fd t\u00fdm zku\u0161en\u00fdch lid\u00ed, pro klienty tvo\u0159\u00edme strategie, zvy\u0161ujeme prodeje, transformujeme, digitalizujeme, rozv\u00edj\u00edme mana\u017eery a energetizujeme t\u00fdmy.\",\"potentialAction\":[{\"@type\":\"SearchAction\",\"target\":{\"@type\":\"EntryPoint\",\"urlTemplate\":\"https:\/\/magneticideas.cz\/?s={search_term_string}\"},\"query-input\":\"required name=search_term_string\"}],\"inLanguage\":\"en-US\"}]}<\/script>\n<!-- \/ Yoast SEO plugin. -->","yoast_head_json":{"title":"Cookies in detail - Magnetic Ideas - Pom\u00e1h\u00e1me klient\u016fm r\u016fst","description":"We are agile team of experienced people who develop strategy, increase sales, transform, digitize, develop managers and energize teams","robots":{"index":"index","follow":"follow","max-snippet":"max-snippet:-1","max-image-preview":"max-image-preview:large","max-video-preview":"max-video-preview:-1"},"canonical":"https:\/\/magneticideas.cz\/en\/cookies-in-detail\/","og_locale":"en_US","og_type":"article","og_title":"Cookies in detail - Magnetic Ideas - Pom\u00e1h\u00e1me klient\u016fm r\u016fst","og_description":"We are agile team of experienced people who develop strategy, increase sales, transform, digitize, develop managers and energize teams","og_url":"https:\/\/magneticideas.cz\/en\/cookies-in-detail\/","og_site_name":"Magnetic Ideas - Pom\u00e1h\u00e1me klient\u016fm r\u016fst","article_modified_time":"2022-01-21T17:37:35+00:00","twitter_card":"summary_large_image","twitter_misc":{"Est. reading time":"2 minutes"},"schema":{"@context":"https:\/\/schema.org","@graph":[{"@type":"WebPage","@id":"https:\/\/magneticideas.cz\/en\/cookies-in-detail\/","url":"https:\/\/magneticideas.cz\/en\/cookies-in-detail\/","name":"Cookies in detail - Magnetic Ideas - Pom\u00e1h\u00e1me klient\u016fm r\u016fst","isPartOf":{"@id":"https:\/\/magneticideas.cz\/#website"},"datePublished":"2022-01-21T10:40:13+00:00","dateModified":"2022-01-21T17:37:35+00:00","description":"We are agile team of experienced people who develop strategy, increase sales, transform, digitize, develop managers and energize teams","breadcrumb":{"@id":"https:\/\/magneticideas.cz\/en\/cookies-in-detail\/#breadcrumb"},"inLanguage":"en-US","potentialAction":[{"@type":"ReadAction","target":["https:\/\/magneticideas.cz\/en\/cookies-in-detail\/"]}]},{"@type":"BreadcrumbList","@id":"https:\/\/magneticideas.cz\/en\/cookies-in-detail\/#breadcrumb","itemListElement":[{"@type":"ListItem","position":1,"name":"Dom\u016f","item":"https:\/\/magneticideas.cz\/en\/"},{"@type":"ListItem","position":2,"name":"Cookies in detail"}]},{"@type":"WebSite","@id":"https:\/\/magneticideas.cz\/#website","url":"https:\/\/magneticideas.cz\/","name":"Magnetic Ideas - Pom\u00e1h\u00e1me klient\u016fm r\u016fst","description":"Jsme mal\u00fd t\u00fdm zku\u0161en\u00fdch lid\u00ed, pro klienty tvo\u0159\u00edme strategie, zvy\u0161ujeme prodeje, transformujeme, digitalizujeme, rozv\u00edj\u00edme mana\u017eery a energetizujeme t\u00fdmy.","potentialAction":[{"@type":"SearchAction","target":{"@type":"EntryPoint","urlTemplate":"https:\/\/magneticideas.cz\/?s={search_term_string}"},"query-input":"required name=search_term_string"}],"inLanguage":"en-US"}]}},"_links":{"self":[{"href":"https:\/\/magneticideas.cz\/en\/wp-json\/wp\/v2\/pages\/620"}],"collection":[{"href":"https:\/\/magneticideas.cz\/en\/wp-json\/wp\/v2\/pages"}],"about":[{"href":"https:\/\/magneticideas.cz\/en\/wp-json\/wp\/v2\/types\/page"}],"author":[{"embeddable":true,"href":"https:\/\/magneticideas.cz\/en\/wp-json\/wp\/v2\/users\/2"}],"replies":[{"embeddable":true,"href":"https:\/\/magneticideas.cz\/en\/wp-json\/wp\/v2\/comments?post=620"}],"version-history":[{"count":2,"href":"https:\/\/magneticideas.cz\/en\/wp-json\/wp\/v2\/pages\/620\/revisions"}],"predecessor-version":[{"id":627,"href":"https:\/\/magneticideas.cz\/en\/wp-json\/wp\/v2\/pages\/620\/revisions\/627"}],"wp:attachment":[{"href":"https:\/\/magneticideas.cz\/en\/wp-json\/wp\/v2\/media?parent=620"}],"curies":[{"name":"wp","href":"https:\/\/api.w.org\/{rel}","templated":true}]}}